{"id":475,"date":"2020-10-01T13:58:58","date_gmt":"2020-10-01T13:58:58","guid":{"rendered":"https:\/\/www.kazar.be\/materials\/"},"modified":"2025-10-23T09:30:42","modified_gmt":"2025-10-23T09:30:42","slug":"materialien","status":"publish","type":"page","link":"https:\/\/www.kazar.be\/de\/materialien\/","title":{"rendered":"Materialien"},"content":{"rendered":"<h3>Handgefertigte Produkte aus nat\u00fcrlichen Materialien<\/h3>\n<p>Die nat\u00fcrlichen Materialien machen Leuchtmittel von Kazar modern und einzigartig. Kazar kehrt zum Wesentlichen und zur Reinheit des rohen, lebendigen Materials zur\u00fcck. Diese tiefe Liebe f\u00fcr das Ungeschliffene ist es, die das Design inspiriert. Eine Kollektion elementarer Formen, die sich durch ihre Klarheit und Schlichtheit auszeichnen, komplett handgefertigt.<\/p>\n<blockquote><p><em>\u201cUnser Design f\u00e4ngt das Wesen des Materials ein\u201d<\/em><\/p><\/blockquote>\n<p><img loading=\"lazy\" decoding=\"async\" class=\"alignnone wp-image-2383 size-large\" src=\"https:\/\/www.kazar.be\/wp-content\/uploads\/Kazar-Mood-33-1024x683.jpg\" alt=\"\" width=\"1024\" height=\"683\" srcset=\"https:\/\/www.kazar.be\/wp-content\/uploads\/Kazar-Mood-33-1024x683.jpg 1024w, https:\/\/www.kazar.be\/wp-content\/uploads\/Kazar-Mood-33-300x200.jpg 300w, https:\/\/www.kazar.be\/wp-content\/uploads\/Kazar-Mood-33-768x512.jpg 768w, https:\/\/www.kazar.be\/wp-content\/uploads\/Kazar-Mood-33-1536x1024.jpg 1536w, https:\/\/www.kazar.be\/wp-content\/uploads\/Kazar-Mood-33-2048x1365.jpg 2048w\" sizes=\"auto, (max-width: 1024px) 100vw, 1024px\" \/><\/p>\n<h4>Gealtertes Eisen<\/h4>\n<p>Gealtertes Eisen ist von Gusseisen inspiriert, einem Material, das vor langer Zeit h\u00e4ufig verwendet wurde. Der Grundgedanke war, eine Kollektion aus wartungsfreien Materialien zu schaffen. Also entwickelten wir eine hochwertige, korrosionsbest\u00e4ndige Legierung mit dem Aussehen und der Haptik von gealtertem Eisen. Die schwarze Lackschicht wird mit Hilfe von Elektrolyse aufgebracht. Und obwohl es so etwas wie eine v\u00f6llig kratzfreie Beschichtung nicht gibt, garantiert diese Technik eine perfekte Haftung. Die nat\u00fcrliche Verwitterung von gealtertem Eisen erzeugt ein authentisches, verwittertes Aussehen und verleiht ihm Charakter!<\/p>\n<h4>Rohbronze<\/h4>\n<p>Rohbronze ist die reinste Form von Bronze und eine Legierung aus Kupfer und Zinn. Rohbronze ist sowohl farbecht als auch korrosionsfrei und erfordert daher keine Schutzschicht. Diese rohe Form der Bronze strahlt warme, kupfer\u00e4hnliche Farben aus. Um das rohe Aussehen der Bronze in der Kazar-Kollektion zu erzeugen, wurde eine spezielle Technik entwickelt. Die Gussreste werden entfernt, aber das Objekt wird nicht poliert. Die Farbe wird durch den Oxidationsprozess mit der Zeit etwas dunkler.<\/p>\n<h4>Rohmetall<\/h4>\n<p>Rohmetall ist sowohl farbecht als auch korrosionsfrei und ben\u00f6tigt daher keine Schutzschicht. Diese Legierung hat ein dunkelgraues, beton\u00e4hnliches, industrielles Aussehen. Dieses rohe Aussehen wird in der Endbearbeitungsphase erreicht, wenn das Objekt aus seiner Sandform genommen wird: Die Gussreste werden entfernt, aber das Objekt wird nicht poliert. Nach einiger Zeit erh\u00e4lt das Metall ein leicht gl\u00e4nzendes Aussehen, da es durch den Gebrauch auf nat\u00fcrliche Weise poliert wird.<\/p>\n<h4>Satin-Wei\u00dfbronze<\/h4>\n<p>Satin-Wei\u00dfbronze ist eine Bronzelegierung. Ein Teil des Kupfers wird dabei durch Zinn und Zink ersetzt. Das Ergebnis ist eine elegante, silbrige Farbe. Aber anstatt das Rohmaterial zu polieren, wird es trommelpoliert und von Hand gescheuert. Dieses spezielle Produktionsverfahren sorgt f\u00fcr eine sch\u00f6ne matte Patina.<\/p>\n<p><img loading=\"lazy\" decoding=\"async\" class=\"alignnone wp-image-2389 size-large\" src=\"https:\/\/www.kazar.be\/wp-content\/uploads\/Kazar-Mood-23-1024x1024.jpg\" alt=\"\" width=\"1024\" height=\"1024\" srcset=\"https:\/\/www.kazar.be\/wp-content\/uploads\/Kazar-Mood-23-1024x1024.jpg 1024w, https:\/\/www.kazar.be\/wp-content\/uploads\/Kazar-Mood-23-300x300.jpg 300w, https:\/\/www.kazar.be\/wp-content\/uploads\/Kazar-Mood-23-150x150.jpg 150w, https:\/\/www.kazar.be\/wp-content\/uploads\/Kazar-Mood-23-768x768.jpg 768w, https:\/\/www.kazar.be\/wp-content\/uploads\/Kazar-Mood-23-1536x1536.jpg 1536w, https:\/\/www.kazar.be\/wp-content\/uploads\/Kazar-Mood-23-2048x2048.jpg 2048w, https:\/\/www.kazar.be\/wp-content\/uploads\/Kazar-Mood-23-520x520.jpg 520w\" sizes=\"auto, (max-width: 1024px) 100vw, 1024px\" \/><\/p>\n<h3>Die uralte Kunst des Metallgusses<\/h3>\n<p>Kazar nutzt die 5000 Jahre alte handwerkliche Technik des Metallgusses zur Herstellung seiner Leuchtmittel. Die Tartessier begannen diese Tradition, Metalle in Sandformen zu gie\u00dfen. Dieses traditionelle Herstellungsverfahren verleiht Metalloberfl\u00e4chen ein raues, unbearbeitetes Aussehen. Es sorgt f\u00fcr eine Reihe sch\u00f6ner, kleiner Unvollkommenheiten und f\u00fcr einen authentischen Charakter. Man sp\u00fcrt f\u00f6rmlich die uralte Handwerkskunst und Tradition in jedem handgefertigten Einzelst\u00fcck. Eine Tradition, die von Kazar bis heute fortgef\u00fchrt wird&#8230;<\/p>\n<h4>Wei\u00dfer Alabaster<\/h4>\n<p data-start=\"26\" data-end=\"315\">Wei\u00dfer Alabaster ist ein edler, halbtransparenter Naturstein, der f\u00fcr seinen sanften Schimmer und seine elegante Ausstrahlung bekannt ist. Durch seine einzigartige Lichtdurchl\u00e4ssigkeit erzeugt Alabaster ein warmes, stimmungsvolles Licht, das mit keinem anderen Material vergleichbar ist.<\/p>\n<p data-start=\"317\" data-end=\"625\" data-is-last-node=\"\" data-is-only-node=\"\">Seit der Antike wird dieser au\u00dfergew\u00f6hnliche Stein wegen seiner Sch\u00f6nheit und seiner guten Bearbeitbarkeit gesch\u00e4tzt. Jede Platte oder jeder Block aus wei\u00dfem Alabaster besitzt einen eigenen Charakter mit feinen Adern, wolkenartigen Strukturen und zarten Farbnuancen, die jedes St\u00fcck zu einem Unikat machen.<\/p>\n<p><img loading=\"lazy\" decoding=\"async\" class=\"alignnone wp-image-2476 size-large\" src=\"https:\/\/www.kazar.be\/wp-content\/uploads\/Kazar_Tama_Globe_Website_-961x1024.jpg\" alt=\"\" width=\"961\" height=\"1024\" srcset=\"https:\/\/www.kazar.be\/wp-content\/uploads\/Kazar_Tama_Globe_Website_-961x1024.jpg 961w, https:\/\/www.kazar.be\/wp-content\/uploads\/Kazar_Tama_Globe_Website_-282x300.jpg 282w, https:\/\/www.kazar.be\/wp-content\/uploads\/Kazar_Tama_Globe_Website_-768x818.jpg 768w, https:\/\/www.kazar.be\/wp-content\/uploads\/Kazar_Tama_Globe_Website_.jpg 1024w\" sizes=\"auto, (max-width: 961px) 100vw, 961px\" \/><\/p>\n","protected":false},"excerpt":{"rendered":"Handgefertigte Produkte aus nat\u00fcrlichen Materialien Die nat\u00fcrlichen Materialien machen Leuchtmittel von Kazar modern und einzigartig. Kazar kehrt zum Wesentlichen und zur Reinheit des rohen, lebendigen Materials zur\u00fcck. Diese tiefe Liebe f\u00fcr das Ungeschliffene ist es, die das Design inspiriert. Eine Kollektion elementarer Formen, die sich durch ihre Klarheit und Schlichtheit auszeichnen, komplett handgefertigt. \u201cUnser Design [&hellip;]","protected":false},"author":1,"featured_media":0,"parent":0,"menu_order":20,"comment_status":"closed","ping_status":"closed","template":"","meta":{"footnotes":""},"class_list":["post-475","page","type-page","status-publish","hentry"],"acf":[],"yoast_head":"<!-- This site is optimized with the Yoast SEO plugin v21.7 - https:\/\/yoast.com\/wordpress\/plugins\/seo\/ -->\n<title>Materialien - Kazar<\/title>\n<meta name=\"robots\" content=\"index, follow, max-snippet:-1, max-image-preview:large, max-video-preview:-1\" \/>\n<link rel=\"canonical\" href=\"https:\/\/www.kazar.be\/de\/materialien\/\" \/>\n<meta property=\"og:locale\" content=\"de_DE\" \/>\n<meta property=\"og:type\" content=\"article\" \/>\n<meta property=\"og:title\" content=\"Materialien - Kazar\" \/>\n<meta property=\"og:description\" content=\"Handgefertigte Produkte aus nat\u00fcrlichen Materialien Die nat\u00fcrlichen Materialien machen Leuchtmittel von Kazar modern und einzigartig. Kazar kehrt zum Wesentlichen und zur Reinheit des rohen, lebendigen Materials zur\u00fcck. Diese tiefe Liebe f\u00fcr das Ungeschliffene ist es, die das Design inspiriert. Eine Kollektion elementarer Formen, die sich durch ihre Klarheit und Schlichtheit auszeichnen, komplett handgefertigt. \u201cUnser Design [&hellip;]\" \/>\n<meta property=\"og:url\" content=\"https:\/\/www.kazar.be\/de\/materialien\/\" \/>\n<meta property=\"og:site_name\" content=\"Kazar\" \/>\n<meta property=\"article:modified_time\" content=\"2025-10-23T09:30:42+00:00\" \/>\n<meta property=\"og:image\" content=\"https:\/\/www.kazar.be\/wp-content\/uploads\/Kazar-Mood-33-1024x683.jpg\" \/>\n<meta name=\"twitter:card\" content=\"summary_large_image\" \/>\n<meta name=\"twitter:label1\" content=\"Gesch\u00e4tzte Lesezeit\" \/>\n\t<meta name=\"twitter:data1\" content=\"3\u00a0Minuten\" \/>\n<script type=\"application\/ld+json\" class=\"yoast-schema-graph\">{\"@context\":\"https:\/\/schema.org\",\"@graph\":[{\"@type\":\"WebPage\",\"@id\":\"https:\/\/www.kazar.be\/de\/materialien\/\",\"url\":\"https:\/\/www.kazar.be\/de\/materialien\/\",\"name\":\"Materialien - Kazar\",\"isPartOf\":{\"@id\":\"https:\/\/www.kazar.be\/de\/#website\"},\"datePublished\":\"2020-10-01T13:58:58+00:00\",\"dateModified\":\"2025-10-23T09:30:42+00:00\",\"breadcrumb\":{\"@id\":\"https:\/\/www.kazar.be\/de\/materialien\/#breadcrumb\"},\"inLanguage\":\"de\",\"potentialAction\":[{\"@type\":\"ReadAction\",\"target\":[\"https:\/\/www.kazar.be\/de\/materialien\/\"]}]},{\"@type\":\"BreadcrumbList\",\"@id\":\"https:\/\/www.kazar.be\/de\/materialien\/#breadcrumb\",\"itemListElement\":[{\"@type\":\"ListItem\",\"position\":1,\"name\":\"Home\",\"item\":\"https:\/\/www.kazar.be\/de\/\"},{\"@type\":\"ListItem\",\"position\":2,\"name\":\"Materialien\"}]},{\"@type\":\"WebSite\",\"@id\":\"https:\/\/www.kazar.be\/de\/#website\",\"url\":\"https:\/\/www.kazar.be\/de\/\",\"name\":\"Kazar\",\"description\":\"\",\"potentialAction\":[{\"@type\":\"SearchAction\",\"target\":{\"@type\":\"EntryPoint\",\"urlTemplate\":\"https:\/\/www.kazar.be\/de\/?s={search_term_string}\"},\"query-input\":\"required name=search_term_string\"}],\"inLanguage\":\"de\"}]}<\/script>\n<!-- \/ Yoast SEO plugin. -->","yoast_head_json":{"title":"Materialien - Kazar","robots":{"index":"index","follow":"follow","max-snippet":"max-snippet:-1","max-image-preview":"max-image-preview:large","max-video-preview":"max-video-preview:-1"},"canonical":"https:\/\/www.kazar.be\/de\/materialien\/","og_locale":"de_DE","og_type":"article","og_title":"Materialien - Kazar","og_description":"Handgefertigte Produkte aus nat\u00fcrlichen Materialien Die nat\u00fcrlichen Materialien machen Leuchtmittel von Kazar modern und einzigartig. Kazar kehrt zum Wesentlichen und zur Reinheit des rohen, lebendigen Materials zur\u00fcck. Diese tiefe Liebe f\u00fcr das Ungeschliffene ist es, die das Design inspiriert. Eine Kollektion elementarer Formen, die sich durch ihre Klarheit und Schlichtheit auszeichnen, komplett handgefertigt. \u201cUnser Design [&hellip;]","og_url":"https:\/\/www.kazar.be\/de\/materialien\/","og_site_name":"Kazar","article_modified_time":"2025-10-23T09:30:42+00:00","og_image":[{"url":"https:\/\/www.kazar.be\/wp-content\/uploads\/Kazar-Mood-33-1024x683.jpg"}],"twitter_card":"summary_large_image","twitter_misc":{"Gesch\u00e4tzte Lesezeit":"3\u00a0Minuten"},"schema":{"@context":"https:\/\/schema.org","@graph":[{"@type":"WebPage","@id":"https:\/\/www.kazar.be\/de\/materialien\/","url":"https:\/\/www.kazar.be\/de\/materialien\/","name":"Materialien - Kazar","isPartOf":{"@id":"https:\/\/www.kazar.be\/de\/#website"},"datePublished":"2020-10-01T13:58:58+00:00","dateModified":"2025-10-23T09:30:42+00:00","breadcrumb":{"@id":"https:\/\/www.kazar.be\/de\/materialien\/#breadcrumb"},"inLanguage":"de","potentialAction":[{"@type":"ReadAction","target":["https:\/\/www.kazar.be\/de\/materialien\/"]}]},{"@type":"BreadcrumbList","@id":"https:\/\/www.kazar.be\/de\/materialien\/#breadcrumb","itemListElement":[{"@type":"ListItem","position":1,"name":"Home","item":"https:\/\/www.kazar.be\/de\/"},{"@type":"ListItem","position":2,"name":"Materialien"}]},{"@type":"WebSite","@id":"https:\/\/www.kazar.be\/de\/#website","url":"https:\/\/www.kazar.be\/de\/","name":"Kazar","description":"","potentialAction":[{"@type":"SearchAction","target":{"@type":"EntryPoint","urlTemplate":"https:\/\/www.kazar.be\/de\/?s={search_term_string}"},"query-input":"required name=search_term_string"}],"inLanguage":"de"}]}},"_links":{"self":[{"href":"https:\/\/www.kazar.be\/de\/wp-json\/wp\/v2\/pages\/475","targetHints":{"allow":["GET"]}}],"collection":[{"href":"https:\/\/www.kazar.be\/de\/wp-json\/wp\/v2\/pages"}],"about":[{"href":"https:\/\/www.kazar.be\/de\/wp-json\/wp\/v2\/types\/page"}],"author":[{"embeddable":true,"href":"https:\/\/www.kazar.be\/de\/wp-json\/wp\/v2\/users\/1"}],"replies":[{"embeddable":true,"href":"https:\/\/www.kazar.be\/de\/wp-json\/wp\/v2\/comments?post=475"}],"version-history":[{"count":9,"href":"https:\/\/www.kazar.be\/de\/wp-json\/wp\/v2\/pages\/475\/revisions"}],"predecessor-version":[{"id":2484,"href":"https:\/\/www.kazar.be\/de\/wp-json\/wp\/v2\/pages\/475\/revisions\/2484"}],"wp:attachment":[{"href":"https:\/\/www.kazar.be\/de\/wp-json\/wp\/v2\/media?parent=475"}],"curies":[{"name":"wp","href":"https:\/\/api.w.org\/{rel}","templated":true}]}}