{"id":467,"date":"2020-03-23T08:10:28","date_gmt":"2020-03-23T08:10:28","guid":{"rendered":"https:\/\/www.kazar.be\/story\/"},"modified":"2023-02-20T13:42:14","modified_gmt":"2023-02-20T13:42:14","slug":"histoire","status":"publish","type":"page","link":"https:\/\/www.kazar.be\/fr\/histoire\/","title":{"rendered":"Histoire"},"content":{"rendered":"<h3>La beaut\u00e9 de l\u2019imperfection<\/h3>\n<p>Nous appliquons les principes japonais du wabi-sabi : rien n\u2019est \u00e9ternel, rien n\u2019est parfait. Le wabi-sabi ne pr\u00f4ne cependant pas une beaut\u00e9 traditionnelle, il glorifie la beaut\u00e9 de l\u2019imperfection. La vie est une \u00e9volution et le temps conf\u00e8re du caract\u00e8re aux objets et aux mat\u00e9riaux. En envisageant les choses sous l\u2019angle du wabi-sabi, on vit avec plus de l\u00e9g\u00e8ret\u00e9, on atteint la paix et l\u2019harmonie.<\/p>\n<blockquote><p>\u201c<em>Notre philosophie wabi-sabi : la paix par l\u2019imperfection.<\/em>\u201d<\/p><\/blockquote>\n<p><img loading=\"lazy\" decoding=\"async\" class=\"alignnone wp-image-2417 size-full\" src=\"https:\/\/www.kazar.be\/wp-content\/uploads\/Kazar_Roddo12_WitMatBrons_Sphere_IV.jpeg\" alt=\"\" width=\"1500\" height=\"1695\" srcset=\"https:\/\/www.kazar.be\/wp-content\/uploads\/Kazar_Roddo12_WitMatBrons_Sphere_IV.jpeg 1500w, https:\/\/www.kazar.be\/wp-content\/uploads\/Kazar_Roddo12_WitMatBrons_Sphere_IV-265x300.jpeg 265w, https:\/\/www.kazar.be\/wp-content\/uploads\/Kazar_Roddo12_WitMatBrons_Sphere_IV-906x1024.jpeg 906w, https:\/\/www.kazar.be\/wp-content\/uploads\/Kazar_Roddo12_WitMatBrons_Sphere_IV-768x868.jpeg 768w, https:\/\/www.kazar.be\/wp-content\/uploads\/Kazar_Roddo12_WitMatBrons_Sphere_IV-1359x1536.jpeg 1359w\" sizes=\"auto, (max-width: 1500px) 100vw, 1500px\" \/><\/p>\n<h3>Vivre le cycle de la vie<\/h3>\n<p>Les mat\u00e9riaux naturels \u00e9voluent et vieillissent. Les objets deviennent plus r\u00eaches ou plus lisses, selon les effets des \u00e9l\u00e9ments&#8230; Cette interaction entre le temps et la nature raconte l\u2019histoire d\u2019une beaut\u00e9 \u00e9ph\u00e9m\u00e8re, en perp\u00e9tuelle \u00e9volution. Les choses embellissent avec le temps. Comment\u2009? Gr\u00e2ce \u00e0 l\u2019\u00e9volution des petites imperfections, qui apporte plus de dimension et de beaut\u00e9.<\/p>\n<p><img loading=\"lazy\" decoding=\"async\" class=\"alignnone wp-image-2421 size-full\" src=\"https:\/\/www.kazar.be\/wp-content\/uploads\/Kazar-Mood-8-kopie-scaled.jpeg\" alt=\"\" width=\"2329\" height=\"2560\" srcset=\"https:\/\/www.kazar.be\/wp-content\/uploads\/Kazar-Mood-8-kopie-scaled.jpeg 2329w, https:\/\/www.kazar.be\/wp-content\/uploads\/Kazar-Mood-8-kopie-273x300.jpeg 273w, https:\/\/www.kazar.be\/wp-content\/uploads\/Kazar-Mood-8-kopie-932x1024.jpeg 932w, https:\/\/www.kazar.be\/wp-content\/uploads\/Kazar-Mood-8-kopie-768x844.jpeg 768w, https:\/\/www.kazar.be\/wp-content\/uploads\/Kazar-Mood-8-kopie-1397x1536.jpeg 1397w, https:\/\/www.kazar.be\/wp-content\/uploads\/Kazar-Mood-8-kopie-1863x2048.jpeg 1863w\" sizes=\"auto, (max-width: 2329px) 100vw, 2329px\" \/><\/p>\n<h3>Finition intemporelle r\u00e9alis\u00e9e \u00e0 la main<\/h3>\n<p>Nous r\u00e9alisons toutes les finitions de nos produits \u00e0 la main. \u00c0 la cl\u00e9\u2009? Des collections au caract\u00e8re authentique et intemporel, qui les diff\u00e9rencie des produits de masse. Chaque article est fabriqu\u00e9 de mani\u00e8re traditionnelle, dans l\u2019amour de l\u2019artisanat. Avec le temps, nos produits acqui\u00e8rent une patine plus naturelle et plus belle. Plus ils vieillissent, plus ils sont pr\u00e9cieux.<\/p>\n<p>&nbsp;<\/p>\n<blockquote><p>\u201c<em>Du choix de mat\u00e9riaux aux emballages,<br \/>\nl\u2019\u00e9cologie et la durabilit\u00e9 sont \u00e0 la base de notre vision.<\/em>\u201d<\/p><\/blockquote>\n","protected":false},"excerpt":{"rendered":"La beaut\u00e9 de l\u2019imperfection Nous appliquons les principes japonais du wabi-sabi : rien n\u2019est \u00e9ternel, rien n\u2019est parfait. Le wabi-sabi ne pr\u00f4ne cependant pas une beaut\u00e9 traditionnelle, il glorifie la beaut\u00e9 de l\u2019imperfection. La vie est une \u00e9volution et le temps conf\u00e8re du caract\u00e8re aux objets et aux mat\u00e9riaux. En envisageant les choses sous l\u2019angle [&hellip;]","protected":false},"author":1,"featured_media":0,"parent":0,"menu_order":10,"comment_status":"closed","ping_status":"closed","template":"","meta":{"footnotes":""},"class_list":["post-467","page","type-page","status-publish","hentry"],"acf":[],"yoast_head":"<!-- This site is optimized with the Yoast SEO plugin v21.7 - https:\/\/yoast.com\/wordpress\/plugins\/seo\/ -->\n<title>Histoire - Kazar<\/title>\n<meta name=\"robots\" content=\"index, follow, max-snippet:-1, max-image-preview:large, max-video-preview:-1\" \/>\n<link rel=\"canonical\" href=\"https:\/\/www.kazar.be\/fr\/histoire\/\" \/>\n<meta property=\"og:locale\" content=\"fr_FR\" \/>\n<meta property=\"og:type\" content=\"article\" \/>\n<meta property=\"og:title\" content=\"Histoire - Kazar\" \/>\n<meta property=\"og:description\" content=\"La beaut\u00e9 de l\u2019imperfection Nous appliquons les principes japonais du wabi-sabi : rien n\u2019est \u00e9ternel, rien n\u2019est parfait. Le wabi-sabi ne pr\u00f4ne cependant pas une beaut\u00e9 traditionnelle, il glorifie la beaut\u00e9 de l\u2019imperfection. La vie est une \u00e9volution et le temps conf\u00e8re du caract\u00e8re aux objets et aux mat\u00e9riaux. En envisageant les choses sous l\u2019angle [&hellip;]\" \/>\n<meta property=\"og:url\" content=\"https:\/\/www.kazar.be\/fr\/histoire\/\" \/>\n<meta property=\"og:site_name\" content=\"Kazar\" \/>\n<meta property=\"article:modified_time\" content=\"2023-02-20T13:42:14+00:00\" \/>\n<meta property=\"og:image\" content=\"https:\/\/www.kazar.be\/wp-content\/uploads\/Kazar_Roddo12_WitMatBrons_Sphere_IV.jpeg\" \/>\n<meta name=\"twitter:card\" content=\"summary_large_image\" \/>\n<meta name=\"twitter:label1\" content=\"Dur\u00e9e de lecture estim\u00e9e\" \/>\n\t<meta name=\"twitter:data1\" content=\"2 minutes\" \/>\n<script type=\"application\/ld+json\" class=\"yoast-schema-graph\">{\"@context\":\"https:\/\/schema.org\",\"@graph\":[{\"@type\":\"WebPage\",\"@id\":\"https:\/\/www.kazar.be\/fr\/histoire\/\",\"url\":\"https:\/\/www.kazar.be\/fr\/histoire\/\",\"name\":\"Histoire - Kazar\",\"isPartOf\":{\"@id\":\"https:\/\/www.kazar.be\/fr\/#website\"},\"datePublished\":\"2020-03-23T08:10:28+00:00\",\"dateModified\":\"2023-02-20T13:42:14+00:00\",\"breadcrumb\":{\"@id\":\"https:\/\/www.kazar.be\/fr\/histoire\/#breadcrumb\"},\"inLanguage\":\"fr-FR\",\"potentialAction\":[{\"@type\":\"ReadAction\",\"target\":[\"https:\/\/www.kazar.be\/fr\/histoire\/\"]}]},{\"@type\":\"BreadcrumbList\",\"@id\":\"https:\/\/www.kazar.be\/fr\/histoire\/#breadcrumb\",\"itemListElement\":[{\"@type\":\"ListItem\",\"position\":1,\"name\":\"Home\",\"item\":\"https:\/\/www.kazar.be\/fr\/\"},{\"@type\":\"ListItem\",\"position\":2,\"name\":\"Histoire\"}]},{\"@type\":\"WebSite\",\"@id\":\"https:\/\/www.kazar.be\/fr\/#website\",\"url\":\"https:\/\/www.kazar.be\/fr\/\",\"name\":\"Kazar\",\"description\":\"\",\"potentialAction\":[{\"@type\":\"SearchAction\",\"target\":{\"@type\":\"EntryPoint\",\"urlTemplate\":\"https:\/\/www.kazar.be\/fr\/?s={search_term_string}\"},\"query-input\":\"required name=search_term_string\"}],\"inLanguage\":\"fr-FR\"}]}<\/script>\n<!-- \/ Yoast SEO plugin. -->","yoast_head_json":{"title":"Histoire - Kazar","robots":{"index":"index","follow":"follow","max-snippet":"max-snippet:-1","max-image-preview":"max-image-preview:large","max-video-preview":"max-video-preview:-1"},"canonical":"https:\/\/www.kazar.be\/fr\/histoire\/","og_locale":"fr_FR","og_type":"article","og_title":"Histoire - Kazar","og_description":"La beaut\u00e9 de l\u2019imperfection Nous appliquons les principes japonais du wabi-sabi : rien n\u2019est \u00e9ternel, rien n\u2019est parfait. Le wabi-sabi ne pr\u00f4ne cependant pas une beaut\u00e9 traditionnelle, il glorifie la beaut\u00e9 de l\u2019imperfection. La vie est une \u00e9volution et le temps conf\u00e8re du caract\u00e8re aux objets et aux mat\u00e9riaux. En envisageant les choses sous l\u2019angle [&hellip;]","og_url":"https:\/\/www.kazar.be\/fr\/histoire\/","og_site_name":"Kazar","article_modified_time":"2023-02-20T13:42:14+00:00","og_image":[{"url":"https:\/\/www.kazar.be\/wp-content\/uploads\/Kazar_Roddo12_WitMatBrons_Sphere_IV.jpeg"}],"twitter_card":"summary_large_image","twitter_misc":{"Dur\u00e9e de lecture estim\u00e9e":"2 minutes"},"schema":{"@context":"https:\/\/schema.org","@graph":[{"@type":"WebPage","@id":"https:\/\/www.kazar.be\/fr\/histoire\/","url":"https:\/\/www.kazar.be\/fr\/histoire\/","name":"Histoire - Kazar","isPartOf":{"@id":"https:\/\/www.kazar.be\/fr\/#website"},"datePublished":"2020-03-23T08:10:28+00:00","dateModified":"2023-02-20T13:42:14+00:00","breadcrumb":{"@id":"https:\/\/www.kazar.be\/fr\/histoire\/#breadcrumb"},"inLanguage":"fr-FR","potentialAction":[{"@type":"ReadAction","target":["https:\/\/www.kazar.be\/fr\/histoire\/"]}]},{"@type":"BreadcrumbList","@id":"https:\/\/www.kazar.be\/fr\/histoire\/#breadcrumb","itemListElement":[{"@type":"ListItem","position":1,"name":"Home","item":"https:\/\/www.kazar.be\/fr\/"},{"@type":"ListItem","position":2,"name":"Histoire"}]},{"@type":"WebSite","@id":"https:\/\/www.kazar.be\/fr\/#website","url":"https:\/\/www.kazar.be\/fr\/","name":"Kazar","description":"","potentialAction":[{"@type":"SearchAction","target":{"@type":"EntryPoint","urlTemplate":"https:\/\/www.kazar.be\/fr\/?s={search_term_string}"},"query-input":"required name=search_term_string"}],"inLanguage":"fr-FR"}]}},"_links":{"self":[{"href":"https:\/\/www.kazar.be\/fr\/wp-json\/wp\/v2\/pages\/467","targetHints":{"allow":["GET"]}}],"collection":[{"href":"https:\/\/www.kazar.be\/fr\/wp-json\/wp\/v2\/pages"}],"about":[{"href":"https:\/\/www.kazar.be\/fr\/wp-json\/wp\/v2\/types\/page"}],"author":[{"embeddable":true,"href":"https:\/\/www.kazar.be\/fr\/wp-json\/wp\/v2\/users\/1"}],"replies":[{"embeddable":true,"href":"https:\/\/www.kazar.be\/fr\/wp-json\/wp\/v2\/comments?post=467"}],"version-history":[{"count":4,"href":"https:\/\/www.kazar.be\/fr\/wp-json\/wp\/v2\/pages\/467\/revisions"}],"predecessor-version":[{"id":2425,"href":"https:\/\/www.kazar.be\/fr\/wp-json\/wp\/v2\/pages\/467\/revisions\/2425"}],"wp:attachment":[{"href":"https:\/\/www.kazar.be\/fr\/wp-json\/wp\/v2\/media?parent=467"}],"curies":[{"name":"wp","href":"https:\/\/api.w.org\/{rel}","templated":true}]}}